{"id":18,"date":"2014-04-26T00:47:31","date_gmt":"2014-04-25T22:47:31","guid":{"rendered":"http:\/\/www.brazylia.info.pl\/?page_id=18"},"modified":"2024-12-27T12:35:32","modified_gmt":"2024-12-27T11:35:32","slug":"porady","status":"publish","type":"page","link":"https:\/\/www.brazylia.info.pl\/index.php\/porady\/","title":{"rendered":"Porady"},"content":{"rendered":"<p>Do przekroczenia Brazylii obywatele polscy potrzebuj\u0105, wa\u017cnego od dnia przekroczenia granicy przez 180 dni, paszportu. <strong>Je\u015bli planowany pobyt b\u0119dzie trwa\u0142 do 90 dni nie wymaga on wizy<\/strong>, ale kontrola graniczna mo\u017ce za\u017c\u0105da\u0107 pokazania biletu powrotnego.<\/p>\n<p><img loading=\"lazy\" decoding=\"async\" class=\"size-full wp-image-59 odstep alignnone\" src=\"http:\/\/www.brazylia.info.pl\/wp-content\/uploads\/2014\/04\/rio-de-janeiro.jpg\" alt=\"rio-de-janeiro\" width=\"750\" height=\"350\" srcset=\"https:\/\/www.brazylia.info.pl\/wp-content\/uploads\/2014\/04\/rio-de-janeiro.jpg 750w, https:\/\/www.brazylia.info.pl\/wp-content\/uploads\/2014\/04\/rio-de-janeiro-300x140.jpg 300w\" sizes=\"auto, (max-width: 750px) 100vw, 750px\" \/><\/p>\n<p>Przed przyjazdem warto zaszczepi\u0107 si\u0119 przeciwko \u017c\u00f3\u0142tej febrze, inne szczepienia nie s\u0105 wymagane. Natomiast koniecznie trzeba si\u0119 zaopatrzy\u0107 w dodatkowe ubezpieczenie zdrowotne oraz od nast\u0119pstw nieszcz\u0119\u015bliwych wypadk\u00f3w.<\/p>\n<p>Dokumenty i wi\u0119ksz\u0105 cz\u0119\u015b\u0107 got\u00f3wki lepiej jest zostawi\u0107 w hotelowym sejfie, przy sobie mo\u017cna nosi\u0107 niewielk\u0105 ilo\u015b\u0107 got\u00f3wki.<\/p>\n<p>J\u0119zykiem urz\u0119dowym jest portugalski, ale popularnych rejonach turystycznych <strong>bez problemu porozumiemy si\u0119 po angielsku<\/strong>.<\/p>\n<p><strong>Obowi\u0105zuj\u0105ca waluta kraju to real brazylijski<\/strong>, ale mo\u017cna r\u00f3wnie\u017c p\u0142aci\u0107 euro i dolarami. W wi\u0119kszych miastach mo\u017cna p\u0142aci\u0107 kartami kredytowymi lub debetowymi. W mniejszych miejscowo\u015bciach lepiej mie\u0107 przy sobie got\u00f3wk\u0119.<\/p>\n","protected":false},"excerpt":{"rendered":"<p>Do przekroczenia Brazylii obywatele polscy potrzebuj\u0105, wa\u017cnego od dnia przekroczenia granicy przez 180 dni, paszportu. Je\u015bli planowany pobyt b\u0119dzie trwa\u0142 do 90 dni nie wymaga on wizy, ale kontrola graniczna mo\u017ce za\u017c\u0105da\u0107 pokazania biletu powrotnego. Przed przyjazdem warto zaszczepi\u0107 si\u0119 przeciwko \u017c\u00f3\u0142tej febrze, inne szczepienia nie s\u0105 wymagane. Natomiast koniecznie trzeba si\u0119 zaopatrzy\u0107 w dodatkowe&hellip;&nbsp;<a href=\"https:\/\/www.brazylia.info.pl\/index.php\/porady\/\" rel=\"bookmark\">Dowiedz si\u0119 wi\u0119cej &raquo;<span class=\"screen-reader-text\">Porady<\/span><\/a><\/p>\n","protected":false},"author":12,"featured_media":0,"parent":0,"menu_order":0,"comment_status":"closed","ping_status":"open","template":"","meta":{"neve_meta_sidebar":"","neve_meta_container":"","neve_meta_enable_content_width":"","neve_meta_content_width":0,"neve_meta_title_alignment":"","neve_meta_author_avatar":"","neve_post_elements_order":"","neve_meta_disable_header":"","neve_meta_disable_footer":"","neve_meta_disable_title":"","footnotes":""},"class_list":["post-18","page","type-page","status-publish","hentry"],"aioseo_notices":[],"_links":{"self":[{"href":"https:\/\/www.brazylia.info.pl\/index.php\/wp-json\/wp\/v2\/pages\/18","targetHints":{"allow":["GET"]}}],"collection":[{"href":"https:\/\/www.brazylia.info.pl\/index.php\/wp-json\/wp\/v2\/pages"}],"about":[{"href":"https:\/\/www.brazylia.info.pl\/index.php\/wp-json\/wp\/v2\/types\/page"}],"author":[{"embeddable":true,"href":"https:\/\/www.brazylia.info.pl\/index.php\/wp-json\/wp\/v2\/users\/12"}],"replies":[{"embeddable":true,"href":"https:\/\/www.brazylia.info.pl\/index.php\/wp-json\/wp\/v2\/comments?post=18"}],"version-history":[{"count":6,"href":"https:\/\/www.brazylia.info.pl\/index.php\/wp-json\/wp\/v2\/pages\/18\/revisions"}],"predecessor-version":[{"id":368,"href":"https:\/\/www.brazylia.info.pl\/index.php\/wp-json\/wp\/v2\/pages\/18\/revisions\/368"}],"wp:attachment":[{"href":"https:\/\/www.brazylia.info.pl\/index.php\/wp-json\/wp\/v2\/media?parent=18"}],"curies":[{"name":"wp","href":"https:\/\/api.w.org\/{rel}","templated":true}]}}