{"id":6,"date":"2014-04-26T00:39:44","date_gmt":"2014-04-25T22:39:44","guid":{"rendered":"http:\/\/www.brazylia.info.pl\/?page_id=6"},"modified":"2024-12-27T12:45:13","modified_gmt":"2024-12-27T11:45:13","slug":"brazylia","status":"publish","type":"page","link":"https:\/\/www.brazylia.info.pl\/","title":{"rendered":"Brazylia"},"content":{"rendered":"<p><strong>Brazylia<\/strong> (<a title=\"https:\/\/www.pinterest.com\/igori\/brazil\/\" href=\"https:\/\/www.pinterest.com\/igori\/brazil\/\" target=\"_blank\" rel=\"noopener\">zobacz na Pinterest<\/a>) to pa\u0144stwo le\u017c\u0105ce w Ameryce Po\u0142udniowej, pod wzgl\u0119dem powierzchni i zaludnienia jest najwi\u0119kszym krajem tego regionu. Ten pi\u0105ty co do wielko\u015bci kraj na \u015bwiecie znany jest z mi\u0142o\u015bci mieszka\u0144c\u00f3w do pi\u0142ki no\u017cnej, przepi\u0119knych las\u00f3w tropikalnych i drugiej pod wzgl\u0119dem wielko\u015bci rzeki \u015bwiata \u2013 Amazonki.<\/p>\n<p>Brazylia to kraj niezwyk\u0142y i szalenie ciekawy dla przeci\u0119tnego Europejczyka, \u015bwiat kontrast\u00f3w, bo z jednej strony mamy szale\u0144stwa kolorowego karnawa\u0142u, festiwal samby, jest to kraj rozwijaj\u0105cy si\u0119 wi\u0119c mo\u017cna dostrzec oznaki tego rozwoju i bogactwa, ale nie brakuje tutaj te\u017c skrajnej biedy, w kt\u00f3rej nadal \u017cyje mn\u00f3stwo Brazylijczyk\u00f3w.<\/p>\n<h1><img loading=\"lazy\" decoding=\"async\" class=\"wp-image-29  aligncenter\" src=\"https:\/\/www.brazylia.info.pl\/wp-content\/uploads\/2014\/04\/brazylia-flaga.jpg\" width=\"467\" height=\"300\" srcset=\"https:\/\/www.brazylia.info.pl\/wp-content\/uploads\/2014\/04\/brazylia-flaga.jpg 350w, https:\/\/www.brazylia.info.pl\/wp-content\/uploads\/2014\/04\/brazylia-flaga-300x192.jpg 300w, https:\/\/www.brazylia.info.pl\/wp-content\/uploads\/2014\/04\/brazylia-flaga-280x180.jpg 280w\" sizes=\"auto, (max-width: 467px) 100vw, 467px\" \/><\/h1>\n<p><strong><em>Klimat Brazylii<\/em><\/strong> jest bardzo zr\u00f3\u017cnicowany, dlatego te\u017c przy planowaniu podr\u00f3\u017cny musimy wzi\u0105\u0107 pod uwag\u0119 zar\u00f3wno region, w kt\u00f3ry zamierzamy si\u0119 uda\u0107 jak i por\u0119 roku. Zdecydowana wi\u0119kszo\u015b\u0107 kraju znajduje si\u0119 w strefie klimatu r\u00f3wnikowego lub podr\u00f3wnikowego, natomiast po\u0142udniowa cz\u0119\u015b\u0107 kraju le\u017cy w strefie zwrotnikowej. Do wyprawy na po\u0142udnie najlepsze s\u0105 nasze miesi\u0105ce zimowe czyli od grudnia do lutego, temperatury s\u0105 w okolicy 24 stopni, zmniejsza si\u0119 tez ilo\u015b\u0107 opad\u00f3w. W miesi\u0105cach letnich temperatury s\u0105 zdecydowanie ni\u017csze, \u015brednio oko\u0142o 13 stopni, od czerwca do sierpnia trwa r\u00f3wnie\u017c pora deszczowa.<\/p>\n<p>Z kolei w rejon Amazonii najlepiej wybra\u0107 si\u0119 mi\u0119dzy lipcem a pa\u017adziernikiem, poniewa\u017c wtedy s\u0105 zdecydowanie ni\u017csze temperatury i wilgotno\u015b\u0107 powietrza, w\u00f3wczas jest te\u017c pora sucha, co nie jest bez znaczenia.<\/p>\n<p>Przy planowaniu wyjazdu trzeba pami\u0119ta\u0107, \u017ce okres mi\u0119dzy grudniem a lutym w Brazylii to apogeum sezonu turystycznego, wtedy jest najwi\u0119cej turyst\u00f3w, jest najdro\u017cej i trudno znale\u017a\u0107 dobre miejsca w hotelach, dlatego je\u015bli zale\u017cy nam na tej konkretnie porze roku wyjazd musimy zaplanowa\u0107 z kilkumiesi\u0119cznym wyprzedzeniem.<\/p>\n<p>Na miejsce najpro\u015bciej jest dotrze\u0107 samolotem, niestety podr\u00f3\u017c trwa oko\u0142o 12 godzin i wi\u0119cej, i odbywa si\u0119 z przesiadkami. Ceny bilet\u00f3w zaczynaj\u0105 si\u0119 od oko\u0142o 3000 z\u0142 w obie strony. Dla mi\u0142o\u015bnik\u00f3w egzotyki i zwiedzania to jednak \u017cadna cena zaporowa.<\/p>\n<p><img loading=\"lazy\" decoding=\"async\" class=\"aligncenter size-full wp-image-171\" src=\"https:\/\/www.brazylia.info.pl\/wp-content\/uploads\/2018\/05\/rio-de-janeiro-1963744_19201.jpg\" alt=\"\" width=\"1920\" height=\"1280\" srcset=\"https:\/\/www.brazylia.info.pl\/wp-content\/uploads\/2018\/05\/rio-de-janeiro-1963744_19201.jpg 1920w, https:\/\/www.brazylia.info.pl\/wp-content\/uploads\/2018\/05\/rio-de-janeiro-1963744_19201-300x200.jpg 300w, https:\/\/www.brazylia.info.pl\/wp-content\/uploads\/2018\/05\/rio-de-janeiro-1963744_19201-768x512.jpg 768w, https:\/\/www.brazylia.info.pl\/wp-content\/uploads\/2018\/05\/rio-de-janeiro-1963744_19201-1024x683.jpg 1024w\" sizes=\"auto, (max-width: 1920px) 100vw, 1920px\" \/><\/p>\n<p>Brazylia dla przeci\u0119tnego Polaka to kraj nieznany i egzotyczny, dlatego warto pozna\u0107 jej histori\u0119, obyczaje i tradycje. No doskona\u0142e miejsce na wakacje, ale czy wiemy cokolwiek o historii tego niesamowitego kraju?<\/p>\n<p><strong><em>Historia Brazylii<\/em><\/strong> si\u0119ga 46 tysi\u0119cy lat wstecz, kiedy to na tych ziemiach \u017cy\u0142y plemiona Indian a dla pozosta\u0142ej cz\u0119\u015bci \u015bwiata odkryli j\u0105 w 1500 roku Portugalczycy i kolonizowali j\u0105 do XVIII wieku korzystaj\u0105c nieprzerwanie z jej \u017ar\u00f3de\u0142 naturalnych oraz niewolniczej pracy rdzennych mieszka\u0144c\u00f3w. W 1805 roku schroni\u0142 si\u0119 tutaj przed najazdem Napoleona regent Portugalii ksi\u0105\u017c\u0119 Jan, w 1815 roku Brazylia zosta\u0142a og\u0142oszona kr\u00f3lestwem po\u0142\u0105czonym uni\u0105 z Portugali\u0105. W 1822 roku Piotr, syn Jana zerwa\u0142 zwi\u0105zki z Portugali\u0105 i og\u0142osi\u0142 niepodleg\u0142o\u015b\u0107 cesarstwa Brazylii. W kolejnych latach stosunki brazylijsko \u2013 portugalskie uleg\u0142y dalszemu polu\u017anieniu, natomiast rozwin\u0119\u0142a si\u0119 wsp\u00f3\u0142praca z Wielk\u0105 Brytani\u0105. Nast\u0105pi\u0142 rozw\u00f3j przemys\u0142u, uprawy kawy co poci\u0105gn\u0119\u0142o za sob\u0105 nap\u0142yw imigrant\u00f3w, kt\u00f3rzy byli niezb\u0119dni przy pracach na plantacjach, zosta\u0142o r\u00f3wnie\u017c zniesione niewolnictwo. W 1889 roku obalono cesarstwo i ustanowiono republik\u0119 federacyjn\u0105 z konstytucj\u0105 wzorowan\u0105 na ameryka\u0144skiej.<\/p>\n<p>Do I wojny \u015bwiatowej nast\u0119powa\u0142 rozw\u00f3j kraju, p\u00f3\u017aniej kraj nie unikn\u0105\u0142 jednak zawirowa\u0144 politycznych, a\u017c trzy razy do w\u0142adzy dochodzili dyktatorzy, po 1985 roku w kraju znowu zapanowa\u0142y rz\u0105dy demokratyczne. Niestety Brazylia pogr\u0105\u017cona by\u0142a w g\u0142\u0119bokim kryzysie i powa\u017cnie zad\u0142u\u017cona. Dzi\u0119ki przeprowadzony reformom, a tak\u017ce ogromnej pomocy finansowej ze strony USA uda\u0142o si\u0119 wyprowadzi\u0107 kraj z kryzysu i od 2004 roku trwa jego stabilny rozw\u00f3j.<\/p>\n","protected":false},"excerpt":{"rendered":"<p>Brazylia (zobacz na Pinterest) to pa\u0144stwo le\u017c\u0105ce w Ameryce Po\u0142udniowej, pod wzgl\u0119dem powierzchni i zaludnienia jest najwi\u0119kszym krajem tego regionu. Ten pi\u0105ty co do wielko\u015bci kraj na \u015bwiecie znany jest z mi\u0142o\u015bci mieszka\u0144c\u00f3w do pi\u0142ki no\u017cnej, przepi\u0119knych las\u00f3w tropikalnych i drugiej pod wzgl\u0119dem wielko\u015bci rzeki \u015bwiata \u2013 Amazonki. Brazylia to kraj niezwyk\u0142y i szalenie ciekawy&hellip;&nbsp;<a href=\"https:\/\/www.brazylia.info.pl\/\" rel=\"bookmark\">Dowiedz si\u0119 wi\u0119cej &raquo;<span class=\"screen-reader-text\">Brazylia<\/span><\/a><\/p>\n","protected":false},"author":12,"featured_media":232,"parent":0,"menu_order":0,"comment_status":"closed","ping_status":"closed","template":"","meta":{"neve_meta_sidebar":"","neve_meta_container":"","neve_meta_enable_content_width":"","neve_meta_content_width":0,"neve_meta_title_alignment":"","neve_meta_author_avatar":"","neve_post_elements_order":"","neve_meta_disable_header":"","neve_meta_disable_footer":"","neve_meta_disable_title":"","footnotes":""},"class_list":["post-6","page","type-page","status-publish","has-post-thumbnail","hentry"],"aioseo_notices":[],"_links":{"self":[{"href":"https:\/\/www.brazylia.info.pl\/index.php\/wp-json\/wp\/v2\/pages\/6","targetHints":{"allow":["GET"]}}],"collection":[{"href":"https:\/\/www.brazylia.info.pl\/index.php\/wp-json\/wp\/v2\/pages"}],"about":[{"href":"https:\/\/www.brazylia.info.pl\/index.php\/wp-json\/wp\/v2\/types\/page"}],"author":[{"embeddable":true,"href":"https:\/\/www.brazylia.info.pl\/index.php\/wp-json\/wp\/v2\/users\/12"}],"replies":[{"embeddable":true,"href":"https:\/\/www.brazylia.info.pl\/index.php\/wp-json\/wp\/v2\/comments?post=6"}],"version-history":[{"count":38,"href":"https:\/\/www.brazylia.info.pl\/index.php\/wp-json\/wp\/v2\/pages\/6\/revisions"}],"predecessor-version":[{"id":372,"href":"https:\/\/www.brazylia.info.pl\/index.php\/wp-json\/wp\/v2\/pages\/6\/revisions\/372"}],"wp:featuredmedia":[{"embeddable":true,"href":"https:\/\/www.brazylia.info.pl\/index.php\/wp-json\/wp\/v2\/media\/232"}],"wp:attachment":[{"href":"https:\/\/www.brazylia.info.pl\/index.php\/wp-json\/wp\/v2\/media?parent=6"}],"curies":[{"name":"wp","href":"https:\/\/api.w.org\/{rel}","templated":true}]}}