{"id":87,"date":"2015-11-03T15:02:41","date_gmt":"2015-11-03T14:02:41","guid":{"rendered":"http:\/\/www.brazylia.info.pl\/?page_id=87"},"modified":"2024-12-27T12:30:34","modified_gmt":"2024-12-27T11:30:34","slug":"igrzyska-olimpijskie-w-rio","status":"publish","type":"page","link":"https:\/\/www.brazylia.info.pl\/index.php\/igrzyska-olimpijskie-w-rio\/","title":{"rendered":"Igrzyska Olimpijskie w Rio"},"content":{"rendered":"<p>W 2009 roku Mi\u0119dzynarodowy Komitet Olimpijski, kt\u00f3ry obraduje w Kopenhadze og\u0142osi\u0142, i\u017c Igrzyska Olimpijskie, kt\u00f3re maj\u0105 odby\u0107 si\u0119 w 2016 roku b\u0119d\u0105 w Brazylii, a dok\u0142adniej w <strong>Rio de Janeiro<\/strong>. Rado\u015b\u0107 by\u0142a ogromna, zw\u0142aszcza, \u017ce miasto to pokona\u0142o Madryt w stosunku g\u0142os\u00f3w 66 do 32.<\/p>\n<p>Cho\u0107 w pewnym momencie przygotowania do igrzysk w Rio uznano za \u201enajgorsze w historii\u201d to jednak wiele si\u0119 potem zmieni\u0142o. W rezultacie, przewodnicz\u0105cy Mi\u0119dzynarodowego Komitetu Olimpijskiego uzna\u0142, i\u017c jest bardzo zadowolony z tocz\u0105cych si\u0119 prac i z tego, co zosta\u0142o zrobione.<\/p>\n<p>Dat\u0105 finaln\u0105 zako\u0144czenia przygotowa\u0144 kompleksu by\u0142 <strong>24 lipca 2016 roku<\/strong>, kiedy to 475 tysi\u0119cy metr\u00f3w kwadratowych zosta\u0142o oddane dla go\u015bci.<\/p>\n<p>&nbsp;<\/p>\n<p><a href=\"http:\/\/www.brazylia.info.pl\/wp-content\/uploads\/2015\/11\/Olimpiada-Rio-de-Janeiro.jpg\" rel=\"lightbox[87]\"><img loading=\"lazy\" decoding=\"async\" width=\"640\" height=\"360\" class=\"wp-image-93\" style=\"margin-top: 10px;\" src=\"http:\/\/www.brazylia.info.pl\/wp-content\/uploads\/2015\/11\/Olimpiada-Rio-de-Janeiro.jpg\" alt=\"Olimpiada - Rio de Janeiro\" srcset=\"https:\/\/www.brazylia.info.pl\/wp-content\/uploads\/2015\/11\/Olimpiada-Rio-de-Janeiro.jpg 640w, https:\/\/www.brazylia.info.pl\/wp-content\/uploads\/2015\/11\/Olimpiada-Rio-de-Janeiro-300x169.jpg 300w\" sizes=\"auto, (max-width: 640px) 100vw, 640px\" \/><\/a><\/p>\n<p>Pod koniec marca 2015 roku, a dok\u0142adniej 31 rozpocz\u0119\u0142a si\u0119 sprzeda\u017c bilet\u00f3w na to ogromne widowisko. By\u0142o ich a\u017c <strong>7,5 miliona<\/strong>, a dystrybuowane by\u0142y za pomoc\u0105 serwisu internetowego. Ceny bilet\u00f3w oscylowa\u0142y pomi\u0119dzy 13 a 1200 dolar\u00f3w, w zale\u017cno\u015bci od miejsca czy te\u017c rodzaju zawod\u00f3w.<\/p>\n<p>W czerwcu zacz\u0119\u0142y si\u0119 pierwsze pr\u00f3by olimpijskie. Do czasu igrzysk odby\u0142y si\u0119 a\u017c 44 takie imprezy, w kt\u00f3re wliczany jest chocia\u017cby turniej fina\u0142owy Ligi \u015awiatowej siatkarzy. Podczas test\u00f3w w Rio zjawi\u0142o si\u0119 a\u017c 16 tysi\u0119cy wolontariuszy oraz 7,8 tysi\u0105ca sportowc\u00f3w, to naprawd\u0119 spora liczba emocji i wra\u017ce\u0144.<\/p>\n<p>W samych igrzyskach za\u015b, kt\u00f3re odby\u0142y si\u0119 <strong>mi\u0119dzy 5 a 21 sierpnia 2016 roku<\/strong> wystartowa\u0142o ponad 10,5 tysi\u0105ca zawodnik\u00f3w pochodz\u0105cych z 205 kraj\u00f3w. Wszyscy zainteresowani prze\u017cywali wi\u0119c prawdziw\u0105 rado\u015b\u0107 ogl\u0105dania najlepszych sportowc\u00f3w \u015bwiata oraz mn\u00f3stwo dobrej zabawy w mistrzowskim wydaniu.<\/p>\n","protected":false},"excerpt":{"rendered":"<p>W 2009 roku Mi\u0119dzynarodowy Komitet Olimpijski, kt\u00f3ry obraduje w Kopenhadze og\u0142osi\u0142, i\u017c Igrzyska Olimpijskie, kt\u00f3re maj\u0105 odby\u0107 si\u0119 w 2016 roku b\u0119d\u0105 w Brazylii, a dok\u0142adniej w Rio de Janeiro. Rado\u015b\u0107 by\u0142a ogromna, zw\u0142aszcza, \u017ce miasto to pokona\u0142o Madryt w stosunku g\u0142os\u00f3w 66 do 32. Cho\u0107 w pewnym momencie przygotowania do igrzysk w Rio uznano&hellip;&nbsp;<a href=\"https:\/\/www.brazylia.info.pl\/index.php\/igrzyska-olimpijskie-w-rio\/\" rel=\"bookmark\">Dowiedz si\u0119 wi\u0119cej &raquo;<span class=\"screen-reader-text\">Igrzyska Olimpijskie w Rio<\/span><\/a><\/p>\n","protected":false},"author":12,"featured_media":0,"parent":0,"menu_order":0,"comment_status":"closed","ping_status":"closed","template":"","meta":{"neve_meta_sidebar":"","neve_meta_container":"","neve_meta_enable_content_width":"","neve_meta_content_width":0,"neve_meta_title_alignment":"","neve_meta_author_avatar":"","neve_post_elements_order":"","neve_meta_disable_header":"","neve_meta_disable_footer":"","neve_meta_disable_title":"","footnotes":""},"class_list":["post-87","page","type-page","status-publish","hentry"],"aioseo_notices":[],"_links":{"self":[{"href":"https:\/\/www.brazylia.info.pl\/index.php\/wp-json\/wp\/v2\/pages\/87","targetHints":{"allow":["GET"]}}],"collection":[{"href":"https:\/\/www.brazylia.info.pl\/index.php\/wp-json\/wp\/v2\/pages"}],"about":[{"href":"https:\/\/www.brazylia.info.pl\/index.php\/wp-json\/wp\/v2\/types\/page"}],"author":[{"embeddable":true,"href":"https:\/\/www.brazylia.info.pl\/index.php\/wp-json\/wp\/v2\/users\/12"}],"replies":[{"embeddable":true,"href":"https:\/\/www.brazylia.info.pl\/index.php\/wp-json\/wp\/v2\/comments?post=87"}],"version-history":[{"count":23,"href":"https:\/\/www.brazylia.info.pl\/index.php\/wp-json\/wp\/v2\/pages\/87\/revisions"}],"predecessor-version":[{"id":363,"href":"https:\/\/www.brazylia.info.pl\/index.php\/wp-json\/wp\/v2\/pages\/87\/revisions\/363"}],"wp:attachment":[{"href":"https:\/\/www.brazylia.info.pl\/index.php\/wp-json\/wp\/v2\/media?parent=87"}],"curies":[{"name":"wp","href":"https:\/\/api.w.org\/{rel}","templated":true}]}}